{"id":803,"date":"2024-04-30T17:39:16","date_gmt":"2024-04-30T15:39:16","guid":{"rendered":"http:\/\/elexyeq.cluster030.hosting.ovh.net\/?page_id=803"},"modified":"2024-11-27T02:41:50","modified_gmt":"2024-11-27T01:41:50","slug":"politique-de-confidentialite-2","status":"publish","type":"page","link":"https:\/\/elexye.fr\/index.php\/politique-de-confidentialite-2\/","title":{"rendered":"Politique de confidentialit\u00e9"},"content":{"rendered":"\t\t<div data-elementor-type=\"wp-page\" data-elementor-id=\"803\" class=\"elementor elementor-803\">\n\t\t\t\t<div class=\"elementor-element elementor-element-7db8616 e-flex e-con-boxed e-con e-parent\" data-id=\"7db8616\" data-element_type=\"container\" data-core-v316-plus=\"true\">\n\t\t\t\t\t<div class=\"e-con-inner\">\n\t\t\t\t<div class=\"elementor-element elementor-element-f9d4df6 elementor-widget elementor-widget-text-editor\" data-id=\"f9d4df6\" data-element_type=\"widget\" data-widget_type=\"text-editor.default\">\n\t\t\t\t<div class=\"elementor-widget-container\">\n\t\t\t<style>\/*! elementor - v3.20.0 - 10-04-2024 *\/\n.elementor-widget-text-editor.elementor-drop-cap-view-stacked .elementor-drop-cap{background-color:#69727d;color:#fff}.elementor-widget-text-editor.elementor-drop-cap-view-framed .elementor-drop-cap{color:#69727d;border:3px solid;background-color:transparent}.elementor-widget-text-editor:not(.elementor-drop-cap-view-default) .elementor-drop-cap{margin-top:8px}.elementor-widget-text-editor:not(.elementor-drop-cap-view-default) .elementor-drop-cap-letter{width:1em;height:1em}.elementor-widget-text-editor .elementor-drop-cap{float:left;text-align:center;line-height:1;font-size:50px}.elementor-widget-text-editor .elementor-drop-cap-letter{display:inline-block}<\/style>\t\t\t\t<div class=\"avatar-gutter ng-tns-c363759670-19 ng-star-inserted\"><div class=\"gutter ng-star-inserted\">\u00a0<\/div><\/div><div class=\"container\" role=\"dialog\" aria-live=\"polite\" aria-atomic=\"true\"><div class=\"recitation-tooltip\" aria-live=\"polite\" aria-atomic=\"true\">\u00a0<\/div><\/div><div class=\"response-container-content ng-tns-c363759670-19\"><div class=\"response-content ng-tns-c363759670-19\"><div class=\"markdown markdown-main-panel\" dir=\"ltr\"><p data-sourcepos=\"3:1-3:327\">Elexye exploite le site web \u00ab\u00a0Elexye\u00a0\u00bb accessible \u00e0 l&rsquo;adresse www.elexye.fr. Nous accordons une importance capitale \u00e0 la protection de votre vie priv\u00e9e. Afin de mieux la prot\u00e9ger, nous vous fournissons cet avis de politique de confidentialit\u00e9 expliquant la mani\u00e8re dont vos informations personnelles sont collect\u00e9es et utilis\u00e9es.<\/p><p data-sourcepos=\"5:1-5:37\"><strong>Collecte d&rsquo;informations courantes<\/strong><\/p><p data-sourcepos=\"7:1-7:385\">Ce site web suit des informations de base sur ses visiteurs. Ces informations incluent, sans s&rsquo;y limiter, les adresses IP, les d\u00e9tails du navigateur, les horodatages et les pages de renvoi. Aucune de ces informations ne permet d&rsquo;identifier personnellement des visiteurs sp\u00e9cifiques de ce site web. Les informations sont suivies \u00e0 des fins d&rsquo;administration et de maintenance de routine.<\/p><p data-sourcepos=\"9:1-9:11\"><strong>Cookies<\/strong><\/p><p data-sourcepos=\"11:1-11:222\">Lorsque cela est <span class=\"citation-0 citation-end-0\">n\u00e9cessaire, ce site web utilise des cookies pour stocker des informations sur les pr\u00e9f\u00e9rences et l&rsquo;historique d&rsquo;un visiteur afin de mieux<\/span> le servir et\/ou lui pr\u00e9senter un contenu personnalis\u00e9.<\/p><p data-sourcepos=\"13:1-13:29\"><strong>Publicit\u00e9 et autres tiers<\/strong><\/p><p data-sourcepos=\"15:1-15:488\">Les partenaires publicitaires et d<span class=\"citation-1 citation-end-1\">&lsquo;autres tiers peuvent utiliser des cookies, des scripts et\/ou des balises web pour suivre les activit\u00e9s des visiteurs sur ce site web afin d&rsquo;afficher des publicit\u00e9s et d&rsquo;autres informations utiles.<\/span> Ce suivi est effectu\u00e9 directement par les tiers via leurs serveurs et est soumis \u00e0 leurs politiques de confidentialit\u00e9. Ce site web n&rsquo;a aucun acc\u00e8s ni contr\u00f4le sur ces cookies, scripts et\/ou balises web qui peuvent \u00eatre utilis\u00e9s par des tiers.<\/p><p data-sourcepos=\"17:1-17:276\"><span class=\"citation-2 citation-end-2\">Nous avons inclus des liens sur ce site web pour votre utilisation et votre r\u00e9f\u00e9rence. Nous ne sommes pas responsables des politiques de confidentialit\u00e9 sur ces sites web.<\/span> Sachez que les politiques de confidentialit\u00e9 de ces sites web peuvent diff\u00e9rer de la n\u00f4tre.<\/p><p data-sourcepos=\"19:1-19:89\"><strong>Lien vers la politique de confidentialit\u00e9 des prestataires tiers utilis\u00e9s par le site<\/strong><\/p><ul data-sourcepos=\"21:1-22:0\"><li data-sourcepos=\"21:1-22:0\">Google Analytics<\/li><\/ul><p data-sourcepos=\"23:1-23:18\"><strong><span class=\"citation-3\">S\u00e9curit\u00e9<\/span><\/strong><\/p><p data-sourcepos=\"25:1-25:413\"><span class=\"citation-3\">La s\u00e9curit\u00e9 de vos informations personnelles est importante pour nous, mais rappelez-vous <\/span><span class=\"citation-3 citation-4 citation-end-3\">qu&rsquo;aucune m\u00e9thode de transmission sur Internet, ni aucune m\u00e9thode<\/span><span class=\"citation-4\"> de stockage \u00e9lectronique, n&rsquo;est s\u00fbre \u00e0 100 %. <\/span><span class=\"citation-4 citation-5 citation-end-4\">Bien que nous nous efforcions d&rsquo;utiliser des moyens commercialement acceptables<\/span><span class=\"citation-5\"> pour prot\u00e9ger vos informations personnelles, nous ne pouvons garantir leur <\/span><span class=\"citation-5 citation-6 citation-end-5\">s\u00e9curit\u00e9<\/span><span class=\"citation-6\"> absolue.<\/span><\/p><p data-sourcepos=\"27:1-27:61\"><strong><span class=\"citation-6\">Modifications de la pr\u00e9sente politique de confidentialit\u00e9<\/span><\/strong><\/p><p data-sourcepos=\"29:1-29:692\"><span class=\"citation-6 citation-end-6\">Cette politique de confidentialit\u00e9 est en vigueur<\/span> \u00e0 partir du 2024-04-30 <span class=\"citation-7\">et restera en vigueur sauf en ce qui concerne toute modification de ses dispositions \u00e0 l&rsquo;avenir, qui entrera en vigueur imm\u00e9diatement apr\u00e8s sa publication sur cette page. Nous <\/span><span class=\"citation-7 citation-8 citation-end-7\">nous r\u00e9servons<\/span><span class=\"citation-8 citation-end-8\"> le droit de mettre \u00e0 jour ou de modifier notre politique de confidentialit\u00e9 \u00e0 tout moment et vous devez consulter<\/span> <span class=\"citation-9 citation-end-9\">cette politique de confidentialit\u00e9 p\u00e9riodiquement. Si nous apportons des modifications importantes \u00e0 cette politique de confidentialit\u00e9,<\/span> nous vous informerons soit par l&rsquo;adresse e-mail que vous nous avez fournie, soit en pla\u00e7ant un avis bien en vue sur notre site web.<\/p><p data-sourcepos=\"31:1-31:15\"><strong>Coordonn\u00e9es<\/strong><\/p><p data-sourcepos=\"33:1-33:139\">Pour toute question ou pr\u00e9occupation concernant la politique de confidentialit\u00e9, veuillez nous envoyer un e-mail \u00e0 [email address removed].<\/p><p data-sourcepos=\"35:1-35:49\">Notre adresse : 38 RUE DE LA GLACIERE 75013 PARIS<\/p><\/div><\/div><\/div>\t\t\t\t\t\t<\/div>\n\t\t\t\t<\/div>\n\t\t\t\t\t<\/div>\n\t\t\t\t<\/div>\n\t\t\t\t<\/div>\n\t\t","protected":false},"excerpt":{"rendered":"<p>\u00a0\u00a0 Elexye exploite le site web \u00ab\u00a0Elexye\u00a0\u00bb accessible \u00e0 l&rsquo;adresse www.elexye.fr. Nous accordons une importance capitale \u00e0 la protection de votre vie priv\u00e9e. Afin de mieux la prot\u00e9ger, nous vous fournissons cet avis de politique de confidentialit\u00e9 expliquant la mani\u00e8re dont vos informations personnelles sont collect\u00e9es et utilis\u00e9es. Collecte d&rsquo;informations courantes Ce site web suit [&hellip;]<\/p>\n","protected":false},"author":1,"featured_media":0,"parent":0,"menu_order":0,"comment_status":"closed","ping_status":"closed","template":"","meta":{"ocean_post_layout":"","ocean_both_sidebars_style":"","ocean_both_sidebars_content_width":0,"ocean_both_sidebars_sidebars_width":0,"ocean_sidebar":"","ocean_second_sidebar":"","ocean_disable_margins":"enable","ocean_add_body_class":"","ocean_shortcode_before_top_bar":"","ocean_shortcode_after_top_bar":"","ocean_shortcode_before_header":"","ocean_shortcode_after_header":"","ocean_has_shortcode":"","ocean_shortcode_after_title":"","ocean_shortcode_before_footer_widgets":"","ocean_shortcode_after_footer_widgets":"","ocean_shortcode_before_footer_bottom":"","ocean_shortcode_after_footer_bottom":"","ocean_display_top_bar":"default","ocean_display_header":"default","ocean_header_style":"","ocean_center_header_left_menu":"","ocean_custom_header_template":"","ocean_custom_logo":0,"ocean_custom_retina_logo":0,"ocean_custom_logo_max_width":0,"ocean_custom_logo_tablet_max_width":0,"ocean_custom_logo_mobile_max_width":0,"ocean_custom_logo_max_height":0,"ocean_custom_logo_tablet_max_height":0,"ocean_custom_logo_mobile_max_height":0,"ocean_header_custom_menu":"","ocean_menu_typo_font_family":"","ocean_menu_typo_font_subset":"","ocean_menu_typo_font_size":0,"ocean_menu_typo_font_size_tablet":0,"ocean_menu_typo_font_size_mobile":0,"ocean_menu_typo_font_size_unit":"px","ocean_menu_typo_font_weight":"","ocean_menu_typo_font_weight_tablet":"","ocean_menu_typo_font_weight_mobile":"","ocean_menu_typo_transform":"","ocean_menu_typo_transform_tablet":"","ocean_menu_typo_transform_mobile":"","ocean_menu_typo_line_height":0,"ocean_menu_typo_line_height_tablet":0,"ocean_menu_typo_line_height_mobile":0,"ocean_menu_typo_line_height_unit":"","ocean_menu_typo_spacing":0,"ocean_menu_typo_spacing_tablet":0,"ocean_menu_typo_spacing_mobile":0,"ocean_menu_typo_spacing_unit":"","ocean_menu_link_color":"","ocean_menu_link_color_hover":"","ocean_menu_link_color_active":"","ocean_menu_link_background":"","ocean_menu_link_hover_background":"","ocean_menu_link_active_background":"","ocean_menu_social_links_bg":"","ocean_menu_social_hover_links_bg":"","ocean_menu_social_links_color":"","ocean_menu_social_hover_links_color":"","ocean_disable_title":"default","ocean_disable_heading":"default","ocean_post_title":"","ocean_post_subheading":"","ocean_post_title_style":"","ocean_post_title_background_color":"","ocean_post_title_background":0,"ocean_post_title_bg_image_position":"","ocean_post_title_bg_image_attachment":"","ocean_post_title_bg_image_repeat":"","ocean_post_title_bg_image_size":"","ocean_post_title_height":0,"ocean_post_title_bg_overlay":0.5,"ocean_post_title_bg_overlay_color":"","ocean_disable_breadcrumbs":"default","ocean_breadcrumbs_color":"","ocean_breadcrumbs_separator_color":"","ocean_breadcrumbs_links_color":"","ocean_breadcrumbs_links_hover_color":"","ocean_display_footer_widgets":"default","ocean_display_footer_bottom":"default","ocean_custom_footer_template":"","footnotes":""},"class_list":["post-803","page","type-page","status-publish","hentry","entry"],"yoast_head":"<!-- This site is optimized with the Yoast SEO plugin v23.1 - https:\/\/yoast.com\/wordpress\/plugins\/seo\/ -->\n<title>Politique de confidentialit\u00e9 - Elexye<\/title>\n<meta name=\"robots\" content=\"noindex, nofollow\" \/>\n<meta property=\"og:locale\" content=\"fr_FR\" \/>\n<meta property=\"og:type\" content=\"article\" \/>\n<meta property=\"og:title\" content=\"Politique de confidentialit\u00e9 - Elexye\" \/>\n<meta property=\"og:description\" content=\"\u00a0\u00a0 Elexye exploite le site web \u00ab\u00a0Elexye\u00a0\u00bb accessible \u00e0 l&rsquo;adresse www.elexye.fr. Nous accordons une importance capitale \u00e0 la protection de votre vie priv\u00e9e. Afin de mieux la prot\u00e9ger, nous vous fournissons cet avis de politique de confidentialit\u00e9 expliquant la mani\u00e8re dont vos informations personnelles sont collect\u00e9es et utilis\u00e9es. Collecte d&rsquo;informations courantes Ce site web suit [&hellip;]\" \/>\n<meta property=\"og:url\" content=\"https:\/\/elexye.fr\/index.php\/politique-de-confidentialite-2\/\" \/>\n<meta property=\"og:site_name\" content=\"Elexye\" \/>\n<meta property=\"article:modified_time\" content=\"2024-11-27T01:41:50+00:00\" \/>\n<meta name=\"twitter:card\" content=\"summary_large_image\" \/>\n<meta name=\"twitter:label1\" content=\"Dur\u00e9e de lecture estim\u00e9e\" \/>\n\t<meta name=\"twitter:data1\" content=\"3 minutes\" \/>\n<script type=\"application\/ld+json\" class=\"yoast-schema-graph\">{\"@context\":\"https:\/\/schema.org\",\"@graph\":[{\"@type\":\"WebPage\",\"@id\":\"https:\/\/elexye.fr\/index.php\/politique-de-confidentialite-2\/\",\"url\":\"https:\/\/elexye.fr\/index.php\/politique-de-confidentialite-2\/\",\"name\":\"Politique de confidentialit\u00e9 - Elexye\",\"isPartOf\":{\"@id\":\"https:\/\/elexye.fr\/#website\"},\"datePublished\":\"2024-04-30T15:39:16+00:00\",\"dateModified\":\"2024-11-27T01:41:50+00:00\",\"breadcrumb\":{\"@id\":\"https:\/\/elexye.fr\/index.php\/politique-de-confidentialite-2\/#breadcrumb\"},\"inLanguage\":\"fr-FR\",\"potentialAction\":[{\"@type\":\"ReadAction\",\"target\":[\"https:\/\/elexye.fr\/index.php\/politique-de-confidentialite-2\/\"]}]},{\"@type\":\"BreadcrumbList\",\"@id\":\"https:\/\/elexye.fr\/index.php\/politique-de-confidentialite-2\/#breadcrumb\",\"itemListElement\":[{\"@type\":\"ListItem\",\"position\":1,\"name\":\"Accueil\",\"item\":\"https:\/\/elexye.fr\/\"},{\"@type\":\"ListItem\",\"position\":2,\"name\":\"Politique de confidentialit\u00e9\"}]},{\"@type\":\"WebSite\",\"@id\":\"https:\/\/elexye.fr\/#website\",\"url\":\"https:\/\/elexye.fr\/\",\"name\":\"Elexye\",\"description\":\"\u00c9lectricit\u00e9 g\u00e9n\u00e9rale CFO CFA et am\u00e9nagement int\u00e9rieur\",\"publisher\":{\"@id\":\"https:\/\/elexye.fr\/#organization\"},\"potentialAction\":[{\"@type\":\"SearchAction\",\"target\":{\"@type\":\"EntryPoint\",\"urlTemplate\":\"https:\/\/elexye.fr\/?s={search_term_string}\"},\"query-input\":\"required name=search_term_string\"}],\"inLanguage\":\"fr-FR\"},{\"@type\":\"Organization\",\"@id\":\"https:\/\/elexye.fr\/#organization\",\"name\":\"Elexye\",\"url\":\"https:\/\/elexye.fr\/\",\"logo\":{\"@type\":\"ImageObject\",\"inLanguage\":\"fr-FR\",\"@id\":\"https:\/\/elexye.fr\/#\/schema\/logo\/image\/\",\"url\":\"https:\/\/elexye.fr\/wp-content\/uploads\/2024\/04\/cropped-cropped-Favicon.png\",\"contentUrl\":\"https:\/\/elexye.fr\/wp-content\/uploads\/2024\/04\/cropped-cropped-Favicon.png\",\"width\":512,\"height\":512,\"caption\":\"Elexye\"},\"image\":{\"@id\":\"https:\/\/elexye.fr\/#\/schema\/logo\/image\/\"}}]}<\/script>\n<!-- \/ Yoast SEO plugin. -->","yoast_head_json":{"title":"Politique de confidentialit\u00e9 - Elexye","robots":{"index":"noindex","follow":"nofollow"},"og_locale":"fr_FR","og_type":"article","og_title":"Politique de confidentialit\u00e9 - Elexye","og_description":"\u00a0\u00a0 Elexye exploite le site web \u00ab\u00a0Elexye\u00a0\u00bb accessible \u00e0 l&rsquo;adresse www.elexye.fr. Nous accordons une importance capitale \u00e0 la protection de votre vie priv\u00e9e. Afin de mieux la prot\u00e9ger, nous vous fournissons cet avis de politique de confidentialit\u00e9 expliquant la mani\u00e8re dont vos informations personnelles sont collect\u00e9es et utilis\u00e9es. Collecte d&rsquo;informations courantes Ce site web suit [&hellip;]","og_url":"https:\/\/elexye.fr\/index.php\/politique-de-confidentialite-2\/","og_site_name":"Elexye","article_modified_time":"2024-11-27T01:41:50+00:00","twitter_card":"summary_large_image","twitter_misc":{"Dur\u00e9e de lecture estim\u00e9e":"3 minutes"},"schema":{"@context":"https:\/\/schema.org","@graph":[{"@type":"WebPage","@id":"https:\/\/elexye.fr\/index.php\/politique-de-confidentialite-2\/","url":"https:\/\/elexye.fr\/index.php\/politique-de-confidentialite-2\/","name":"Politique de confidentialit\u00e9 - Elexye","isPartOf":{"@id":"https:\/\/elexye.fr\/#website"},"datePublished":"2024-04-30T15:39:16+00:00","dateModified":"2024-11-27T01:41:50+00:00","breadcrumb":{"@id":"https:\/\/elexye.fr\/index.php\/politique-de-confidentialite-2\/#breadcrumb"},"inLanguage":"fr-FR","potentialAction":[{"@type":"ReadAction","target":["https:\/\/elexye.fr\/index.php\/politique-de-confidentialite-2\/"]}]},{"@type":"BreadcrumbList","@id":"https:\/\/elexye.fr\/index.php\/politique-de-confidentialite-2\/#breadcrumb","itemListElement":[{"@type":"ListItem","position":1,"name":"Accueil","item":"https:\/\/elexye.fr\/"},{"@type":"ListItem","position":2,"name":"Politique de confidentialit\u00e9"}]},{"@type":"WebSite","@id":"https:\/\/elexye.fr\/#website","url":"https:\/\/elexye.fr\/","name":"Elexye","description":"\u00c9lectricit\u00e9 g\u00e9n\u00e9rale CFO CFA et am\u00e9nagement int\u00e9rieur","publisher":{"@id":"https:\/\/elexye.fr\/#organization"},"potentialAction":[{"@type":"SearchAction","target":{"@type":"EntryPoint","urlTemplate":"https:\/\/elexye.fr\/?s={search_term_string}"},"query-input":"required name=search_term_string"}],"inLanguage":"fr-FR"},{"@type":"Organization","@id":"https:\/\/elexye.fr\/#organization","name":"Elexye","url":"https:\/\/elexye.fr\/","logo":{"@type":"ImageObject","inLanguage":"fr-FR","@id":"https:\/\/elexye.fr\/#\/schema\/logo\/image\/","url":"https:\/\/elexye.fr\/wp-content\/uploads\/2024\/04\/cropped-cropped-Favicon.png","contentUrl":"https:\/\/elexye.fr\/wp-content\/uploads\/2024\/04\/cropped-cropped-Favicon.png","width":512,"height":512,"caption":"Elexye"},"image":{"@id":"https:\/\/elexye.fr\/#\/schema\/logo\/image\/"}}]}},"_links":{"self":[{"href":"https:\/\/elexye.fr\/index.php\/wp-json\/wp\/v2\/pages\/803","targetHints":{"allow":["GET"]}}],"collection":[{"href":"https:\/\/elexye.fr\/index.php\/wp-json\/wp\/v2\/pages"}],"about":[{"href":"https:\/\/elexye.fr\/index.php\/wp-json\/wp\/v2\/types\/page"}],"author":[{"embeddable":true,"href":"https:\/\/elexye.fr\/index.php\/wp-json\/wp\/v2\/users\/1"}],"replies":[{"embeddable":true,"href":"https:\/\/elexye.fr\/index.php\/wp-json\/wp\/v2\/comments?post=803"}],"version-history":[{"count":4,"href":"https:\/\/elexye.fr\/index.php\/wp-json\/wp\/v2\/pages\/803\/revisions"}],"predecessor-version":[{"id":807,"href":"https:\/\/elexye.fr\/index.php\/wp-json\/wp\/v2\/pages\/803\/revisions\/807"}],"wp:attachment":[{"href":"https:\/\/elexye.fr\/index.php\/wp-json\/wp\/v2\/media?parent=803"}],"curies":[{"name":"wp","href":"https:\/\/api.w.org\/{rel}","templated":true}]}}